{"id":1170,"date":"2023-05-23T07:26:31","date_gmt":"2023-05-23T07:26:31","guid":{"rendered":"https:\/\/geniussollive.wpengine.com\/professional-services\/"},"modified":"2025-07-25T21:01:13","modified_gmt":"2025-07-25T21:01:13","slug":"professional-services","status":"publish","type":"page","link":"https:\/\/geniussolutstg.wpenginepowered.com\/fr\/services-professionels\/","title":{"rendered":"Services Professionels"},"content":{"rendered":"","protected":false},"excerpt":{"rendered":"","protected":false},"author":2,"featured_media":0,"parent":0,"menu_order":0,"comment_status":"closed","ping_status":"closed","template":"","meta":{"_acf_changed":false,"footnotes":""},"class_list":["post-1170","page","type-page","status-publish","hentry"],"acf":[],"yoast_head":"<!-- This site is optimized with the Yoast SEO Premium plugin v26.5 (Yoast SEO v27.3) - https:\/\/yoast.com\/product\/yoast-seo-premium-wordpress\/ -->\n<title>Services Professionels - Genius ERP<\/title>\n<meta name=\"description\" content=\"Chez Genius ERP, le succ\u00e8s \u00e0 long terme de nos clients nous tient \u00e0 c\u0153ur. Notre \u00e9quipe de services professionnels traite chaque entreprise, peu importe sa taille, avec la m\u00eame qualit\u00e9 de service hors pair.\" \/>\n<meta name=\"robots\" content=\"index, follow, max-snippet:-1, max-image-preview:large, max-video-preview:-1\" \/>\n<link rel=\"canonical\" href=\"https:\/\/geniussolutstg.wpenginepowered.com\/fr\/services-professionels\/\" \/>\n<meta property=\"og:locale\" content=\"fr_FR\" \/>\n<meta property=\"og:type\" content=\"article\" \/>\n<meta property=\"og:title\" content=\"Services Professionels\" \/>\n<meta property=\"og:description\" content=\"Chez Genius ERP, le succ\u00e8s \u00e0 long terme de nos clients nous tient \u00e0 c\u0153ur. Notre \u00e9quipe de services professionnels traite chaque entreprise, peu importe sa taille, avec la m\u00eame qualit\u00e9 de service hors pair.\" \/>\n<meta property=\"og:url\" content=\"https:\/\/geniussolutstg.wpenginepowered.com\/fr\/services-professionels\/\" \/>\n<meta property=\"og:site_name\" content=\"Genius ERP\" \/>\n<meta property=\"article:publisher\" content=\"https:\/\/www.facebook.com\/Genius-Solutions-179918212091119\/\" \/>\n<meta property=\"article:modified_time\" content=\"2025-07-25T21:01:13+00:00\" \/>\n<meta name=\"twitter:card\" content=\"summary_large_image\" \/>\n<meta name=\"twitter:site\" content=\"@geniussolutions\" \/>\n<script type=\"application\/ld+json\" class=\"yoast-schema-graph\">{\"@context\":\"https:\\\/\\\/schema.org\",\"@graph\":[{\"@type\":\"WebPage\",\"@id\":\"https:\\\/\\\/geniussolutstg.wpenginepowered.com\\\/fr\\\/services-professionels\\\/\",\"url\":\"https:\\\/\\\/geniussolutstg.wpenginepowered.com\\\/fr\\\/services-professionels\\\/\",\"name\":\"Services Professionels - Genius ERP\",\"isPartOf\":{\"@id\":\"https:\\\/\\\/geniussolutstg.wpenginepowered.com\\\/fr\\\/#website\"},\"datePublished\":\"2023-05-23T07:26:31+00:00\",\"dateModified\":\"2025-07-25T21:01:13+00:00\",\"description\":\"Chez Genius ERP, le succ\u00e8s \u00e0 long terme de nos clients nous tient \u00e0 c\u0153ur. Notre \u00e9quipe de services professionnels traite chaque entreprise, peu importe sa taille, avec la m\u00eame qualit\u00e9 de service hors pair.\",\"breadcrumb\":{\"@id\":\"https:\\\/\\\/geniussolutstg.wpenginepowered.com\\\/fr\\\/services-professionels\\\/#breadcrumb\"},\"inLanguage\":\"fr-FR\",\"potentialAction\":[{\"@type\":\"ReadAction\",\"target\":[\"https:\\\/\\\/geniussolutstg.wpenginepowered.com\\\/fr\\\/services-professionels\\\/\"]}]},{\"@type\":\"BreadcrumbList\",\"@id\":\"https:\\\/\\\/geniussolutstg.wpenginepowered.com\\\/fr\\\/services-professionels\\\/#breadcrumb\",\"itemListElement\":[{\"@type\":\"ListItem\",\"position\":1,\"name\":\"Home\",\"item\":\"https:\\\/\\\/geniussolutstg.wpenginepowered.com\\\/fr\\\/\"},{\"@type\":\"ListItem\",\"position\":2,\"name\":\"Services Professionels\"}]},{\"@type\":\"WebSite\",\"@id\":\"https:\\\/\\\/geniussolutstg.wpenginepowered.com\\\/fr\\\/#website\",\"url\":\"https:\\\/\\\/geniussolutstg.wpenginepowered.com\\\/fr\\\/\",\"name\":\"Genius ERP\",\"description\":\"Built for Manufacturers.\",\"publisher\":{\"@id\":\"https:\\\/\\\/geniussolutstg.wpenginepowered.com\\\/fr\\\/#organization\"},\"potentialAction\":[{\"@type\":\"SearchAction\",\"target\":{\"@type\":\"EntryPoint\",\"urlTemplate\":\"https:\\\/\\\/geniussolutstg.wpenginepowered.com\\\/fr\\\/?s={search_term_string}\"},\"query-input\":{\"@type\":\"PropertyValueSpecification\",\"valueRequired\":true,\"valueName\":\"search_term_string\"}}],\"inLanguage\":\"fr-FR\"},{\"@type\":\"Organization\",\"@id\":\"https:\\\/\\\/geniussolutstg.wpenginepowered.com\\\/fr\\\/#organization\",\"name\":\"Genius ERP\",\"url\":\"https:\\\/\\\/geniussolutstg.wpenginepowered.com\\\/fr\\\/\",\"logo\":{\"@type\":\"ImageObject\",\"inLanguage\":\"fr-FR\",\"@id\":\"https:\\\/\\\/geniussolutstg.wpenginepowered.com\\\/fr\\\/#\\\/schema\\\/logo\\\/image\\\/\",\"url\":\"https:\\\/\\\/geniussolutstg.wpenginepowered.com\\\/wp-content\\\/uploads\\\/2023\\\/06\\\/Logo.svg\",\"contentUrl\":\"https:\\\/\\\/geniussolutstg.wpenginepowered.com\\\/wp-content\\\/uploads\\\/2023\\\/06\\\/Logo.svg\",\"width\":1,\"height\":1,\"caption\":\"Genius ERP\"},\"image\":{\"@id\":\"https:\\\/\\\/geniussolutstg.wpenginepowered.com\\\/fr\\\/#\\\/schema\\\/logo\\\/image\\\/\"},\"sameAs\":[\"https:\\\/\\\/www.facebook.com\\\/Genius-Solutions-179918212091119\\\/\",\"https:\\\/\\\/x.com\\\/geniussolutions\",\"https:\\\/\\\/www.youtube.com\\\/user\\\/GeniusSolutions\",\"https:\\\/\\\/ca.linkedin.com\\\/company\\\/genius-solutions\"],\"description\":\"Genius ERP provides comprehensive enterprise resource planning software purpose-built for manufacturers. Designed and developed in Canada, Genius ERP helps custom manufacturers plan, execute, measure, and improve production with built-in tools for quoting, engineering, purchasing, scheduling, and inventory management.\",\"email\":\"info@geniuserp.com\",\"telephone\":\"+1-877-987-6005\",\"foundingDate\":\"1989-01-01\"}]}<\/script>\n<!-- \/ Yoast SEO Premium plugin. -->","yoast_head_json":{"title":"Services Professionels - Genius ERP","description":"Chez Genius ERP, le succ\u00e8s \u00e0 long terme de nos clients nous tient \u00e0 c\u0153ur. Notre \u00e9quipe de services professionnels traite chaque entreprise, peu importe sa taille, avec la m\u00eame qualit\u00e9 de service hors pair.","robots":{"index":"index","follow":"follow","max-snippet":"max-snippet:-1","max-image-preview":"max-image-preview:large","max-video-preview":"max-video-preview:-1"},"canonical":"https:\/\/geniussolutstg.wpenginepowered.com\/fr\/services-professionels\/","og_locale":"fr_FR","og_type":"article","og_title":"Services Professionels","og_description":"Chez Genius ERP, le succ\u00e8s \u00e0 long terme de nos clients nous tient \u00e0 c\u0153ur. Notre \u00e9quipe de services professionnels traite chaque entreprise, peu importe sa taille, avec la m\u00eame qualit\u00e9 de service hors pair.","og_url":"https:\/\/geniussolutstg.wpenginepowered.com\/fr\/services-professionels\/","og_site_name":"Genius ERP","article_publisher":"https:\/\/www.facebook.com\/Genius-Solutions-179918212091119\/","article_modified_time":"2025-07-25T21:01:13+00:00","twitter_card":"summary_large_image","twitter_site":"@geniussolutions","schema":{"@context":"https:\/\/schema.org","@graph":[{"@type":"WebPage","@id":"https:\/\/geniussolutstg.wpenginepowered.com\/fr\/services-professionels\/","url":"https:\/\/geniussolutstg.wpenginepowered.com\/fr\/services-professionels\/","name":"Services Professionels - Genius ERP","isPartOf":{"@id":"https:\/\/geniussolutstg.wpenginepowered.com\/fr\/#website"},"datePublished":"2023-05-23T07:26:31+00:00","dateModified":"2025-07-25T21:01:13+00:00","description":"Chez Genius ERP, le succ\u00e8s \u00e0 long terme de nos clients nous tient \u00e0 c\u0153ur. Notre \u00e9quipe de services professionnels traite chaque entreprise, peu importe sa taille, avec la m\u00eame qualit\u00e9 de service hors pair.","breadcrumb":{"@id":"https:\/\/geniussolutstg.wpenginepowered.com\/fr\/services-professionels\/#breadcrumb"},"inLanguage":"fr-FR","potentialAction":[{"@type":"ReadAction","target":["https:\/\/geniussolutstg.wpenginepowered.com\/fr\/services-professionels\/"]}]},{"@type":"BreadcrumbList","@id":"https:\/\/geniussolutstg.wpenginepowered.com\/fr\/services-professionels\/#breadcrumb","itemListElement":[{"@type":"ListItem","position":1,"name":"Home","item":"https:\/\/geniussolutstg.wpenginepowered.com\/fr\/"},{"@type":"ListItem","position":2,"name":"Services Professionels"}]},{"@type":"WebSite","@id":"https:\/\/geniussolutstg.wpenginepowered.com\/fr\/#website","url":"https:\/\/geniussolutstg.wpenginepowered.com\/fr\/","name":"Genius ERP","description":"Built for Manufacturers.","publisher":{"@id":"https:\/\/geniussolutstg.wpenginepowered.com\/fr\/#organization"},"potentialAction":[{"@type":"SearchAction","target":{"@type":"EntryPoint","urlTemplate":"https:\/\/geniussolutstg.wpenginepowered.com\/fr\/?s={search_term_string}"},"query-input":{"@type":"PropertyValueSpecification","valueRequired":true,"valueName":"search_term_string"}}],"inLanguage":"fr-FR"},{"@type":"Organization","@id":"https:\/\/geniussolutstg.wpenginepowered.com\/fr\/#organization","name":"Genius ERP","url":"https:\/\/geniussolutstg.wpenginepowered.com\/fr\/","logo":{"@type":"ImageObject","inLanguage":"fr-FR","@id":"https:\/\/geniussolutstg.wpenginepowered.com\/fr\/#\/schema\/logo\/image\/","url":"https:\/\/geniussolutstg.wpenginepowered.com\/wp-content\/uploads\/2023\/06\/Logo.svg","contentUrl":"https:\/\/geniussolutstg.wpenginepowered.com\/wp-content\/uploads\/2023\/06\/Logo.svg","width":1,"height":1,"caption":"Genius ERP"},"image":{"@id":"https:\/\/geniussolutstg.wpenginepowered.com\/fr\/#\/schema\/logo\/image\/"},"sameAs":["https:\/\/www.facebook.com\/Genius-Solutions-179918212091119\/","https:\/\/x.com\/geniussolutions","https:\/\/www.youtube.com\/user\/GeniusSolutions","https:\/\/ca.linkedin.com\/company\/genius-solutions"],"description":"Genius ERP provides comprehensive enterprise resource planning software purpose-built for manufacturers. Designed and developed in Canada, Genius ERP helps custom manufacturers plan, execute, measure, and improve production with built-in tools for quoting, engineering, purchasing, scheduling, and inventory management.","email":"info@geniuserp.com","telephone":"+1-877-987-6005","foundingDate":"1989-01-01"}]}},"_links":{"self":[{"href":"https:\/\/geniussolutstg.wpenginepowered.com\/fr\/wp-json\/wp\/v2\/pages\/1170","targetHints":{"allow":["GET"]}}],"collection":[{"href":"https:\/\/geniussolutstg.wpenginepowered.com\/fr\/wp-json\/wp\/v2\/pages"}],"about":[{"href":"https:\/\/geniussolutstg.wpenginepowered.com\/fr\/wp-json\/wp\/v2\/types\/page"}],"author":[{"embeddable":true,"href":"https:\/\/geniussolutstg.wpenginepowered.com\/fr\/wp-json\/wp\/v2\/users\/2"}],"replies":[{"embeddable":true,"href":"https:\/\/geniussolutstg.wpenginepowered.com\/fr\/wp-json\/wp\/v2\/comments?post=1170"}],"version-history":[{"count":0,"href":"https:\/\/geniussolutstg.wpenginepowered.com\/fr\/wp-json\/wp\/v2\/pages\/1170\/revisions"}],"wp:attachment":[{"href":"https:\/\/geniussolutstg.wpenginepowered.com\/fr\/wp-json\/wp\/v2\/media?parent=1170"}],"curies":[{"name":"wp","href":"https:\/\/api.w.org\/{rel}","templated":true}]}}